{"id":3777,"date":"2021-09-28T11:47:08","date_gmt":"2021-09-28T10:47:08","guid":{"rendered":"https:\/\/reclamatucomunidad.com\/?post_type=product&#038;p=3777"},"modified":"2021-10-01T08:42:20","modified_gmt":"2021-10-01T07:42:20","slug":"honorarios-abogado","status":"publish","type":"product","link":"https:\/\/reclamatucomunidad.com\/index.php\/producto\/honorarios-abogado\/","title":{"rendered":"Honorarios Abogados M\u00e1laga"},"content":{"rendered":"<p>Este honorario est\u00e1 basado en las tablas de precios p\u00fablicos de la provincia de M\u00e1laga<\/p>\n","protected":false},"excerpt":{"rendered":"<p>Este honorario est\u00e1 basado en las tablas de precios p\u00fablicos de la provincia de M\u00e1laga<\/p>\n","protected":false},"featured_media":0,"template":"","meta":{"_acf_changed":false},"product_brand":[],"product_cat":[37],"product_tag":[],"class_list":{"0":"post-3777","1":"product","2":"type-product","3":"status-publish","5":"product_cat-honorarios","6":"description-off","8":"first","9":"instock","10":"virtual","11":"taxable","12":"purchasable","13":"product-type-simple"},"acf":[],"jetpack_sharing_enabled":true,"_links":{"self":[{"href":"https:\/\/reclamatucomunidad.com\/index.php\/wp-json\/wp\/v2\/product\/3777","targetHints":{"allow":["GET"]}}],"collection":[{"href":"https:\/\/reclamatucomunidad.com\/index.php\/wp-json\/wp\/v2\/product"}],"about":[{"href":"https:\/\/reclamatucomunidad.com\/index.php\/wp-json\/wp\/v2\/types\/product"}],"wp:attachment":[{"href":"https:\/\/reclamatucomunidad.com\/index.php\/wp-json\/wp\/v2\/media?parent=3777"}],"wp:term":[{"taxonomy":"product_brand","embeddable":true,"href":"https:\/\/reclamatucomunidad.com\/index.php\/wp-json\/wp\/v2\/product_brand?post=3777"},{"taxonomy":"product_cat","embeddable":true,"href":"https:\/\/reclamatucomunidad.com\/index.php\/wp-json\/wp\/v2\/product_cat?post=3777"},{"taxonomy":"product_tag","embeddable":true,"href":"https:\/\/reclamatucomunidad.com\/index.php\/wp-json\/wp\/v2\/product_tag?post=3777"}],"curies":[{"name":"wp","href":"https:\/\/api.w.org\/{rel}","templated":true}]}}