{"id":3747,"date":"2020-07-19T10:18:05","date_gmt":"2020-07-19T09:18:05","guid":{"rendered":"https:\/\/reclamatucomunidad.com\/?page_id=3747"},"modified":"2020-07-19T10:18:06","modified_gmt":"2020-07-19T09:18:06","slug":"como-lo-hacemos","status":"publish","type":"page","link":"https:\/\/reclamatucomunidad.com\/index.php\/como-lo-hacemos\/","title":{"rendered":"\u00bfC\u00f3mo lo hacemos?"},"content":{"rendered":"\n<p>Para ser usuario de \u201c<strong>Reclama Tu Comunidad<\/strong>\u201d <strong>no se necesita tener conocimientos sobre el proceso de reclamaci\u00f3n <\/strong>extrajudicial o judicial, ya que \u201c<strong>Reclama Tu Comunidad<\/strong>\u201d <strong>te gu\u00eda en todo momento con el siguiente paso a realizar<\/strong>.\u00a0<\/p>\n\n\n\n<p><strong>Tanto en la reclamaci\u00f3n previa a la judicial<\/strong>: Ayud\u00e1ndote a crear u obtener los <strong>documentos necesarios<\/strong> para montar los expedientes de reclamaci\u00f3n (certificados de deuda, actas de juntas, notas simples, tabl\u00f3n de anuncios, buro fax e incluso su env\u00edo a trav\u00e9s de nuestro servidor web).<\/p>\n\n\n\n<p><strong>Como en la judicial:<\/strong> Ayud\u00e1ndote a <strong>confeccionar las demandas y todos los escritos de tr\u00e1mite <\/strong>que se necesiten, incluida la tasaci\u00f3n de costas, la ejecuci\u00f3n o la jura de cuentas en el caso de ser un abogado el usuario. <strong>Plantillas generadas autom\u00e1ticamente con la informaci\u00f3n necesaria en cada paso procesal<\/strong>.<\/p>\n\n\n\n<p>\u201c<strong>Reclama Tu Comunidad<\/strong>\u201d es ideal para comunidades de propietarios, pues <strong>en caso de cambio de administrador o abogado, los expedientes seguir\u00edan a disposici\u00f3n de la Comunidad de Propietarios<\/strong>, al cambiar \u00fanicamente el perfil del usuario \u201cadministrador\u201d de los expedientes de la comunidad.<\/p>\n\n\n\n<p>\u201c<strong>Reclama Tu Comunidad<\/strong>\u201d le facilita poder descargar todos los datos en un fichero Excel, por si quisiera <strong>conservar la informaci\u00f3n y continuar sin nuestra cobertura legal y tecnol\u00f3gica<\/strong>.\u00a0<\/p>\n\n\n\n<p>Si eres <strong>Abogado,<\/strong> \u201c<strong>Reclama Tu Comunidad\u201d <\/strong>te facilita todas las <strong>plantillas <\/strong>necesarias para interponer <strong>demandas o escritos de tr\u00e1mite<\/strong> de forma personalizada si lo desea. Si no lo desea, puede seguir nuestro proceso automatizado sin esfuerzos.<\/p>\n\n\n\n<p>Si eres <strong>Presidente <\/strong>de una Comunidad de Propietarios o un <strong>Administrador de Fincas<\/strong>, \u201c<strong>Reclama Tu Comunidad\u201d<\/strong> pone a su disposici\u00f3n, de forma autom\u00e1tica, nuestros <strong>abogados y procuradores<\/strong> con capacidad de actuaci\u00f3n en cualquier demarcaci\u00f3n judicial de <strong>todo el \u00e1mbito geogr\u00e1fico de Espa\u00f1a<\/strong>, por lo que el usuario que representante a la Comunidad de Propietarios en estos asuntos (Presidente, Administrador de Fincas o Abogado) no necesita tener conocimientos sobre la materia<\/p>\n","protected":false},"excerpt":{"rendered":"<p>Para ser usuario de \u201cReclama Tu Comunidad\u201d no se necesita tener conocimientos sobre el proceso de reclamaci\u00f3n extrajudicial o judicial, ya que \u201cReclama Tu Comunidad\u201d te gu\u00eda en todo momento con el siguiente paso a realizar.\u00a0 Tanto en la reclamaci\u00f3n previa a la judicial: Ayud\u00e1ndote a crear u obtener los documentos necesarios para montar los&hellip;<\/p>\n","protected":false},"author":1,"featured_media":0,"parent":0,"menu_order":0,"comment_status":"closed","ping_status":"closed","template":"","meta":{"_acf_changed":false,"footnotes":""},"class_list":["post-3747","page","type-page","status-publish","hentry","description-off"],"acf":[],"jetpack_sharing_enabled":true,"_links":{"self":[{"href":"https:\/\/reclamatucomunidad.com\/index.php\/wp-json\/wp\/v2\/pages\/3747","targetHints":{"allow":["GET"]}}],"collection":[{"href":"https:\/\/reclamatucomunidad.com\/index.php\/wp-json\/wp\/v2\/pages"}],"about":[{"href":"https:\/\/reclamatucomunidad.com\/index.php\/wp-json\/wp\/v2\/types\/page"}],"author":[{"embeddable":true,"href":"https:\/\/reclamatucomunidad.com\/index.php\/wp-json\/wp\/v2\/users\/1"}],"replies":[{"embeddable":true,"href":"https:\/\/reclamatucomunidad.com\/index.php\/wp-json\/wp\/v2\/comments?post=3747"}],"version-history":[{"count":1,"href":"https:\/\/reclamatucomunidad.com\/index.php\/wp-json\/wp\/v2\/pages\/3747\/revisions"}],"predecessor-version":[{"id":3748,"href":"https:\/\/reclamatucomunidad.com\/index.php\/wp-json\/wp\/v2\/pages\/3747\/revisions\/3748"}],"wp:attachment":[{"href":"https:\/\/reclamatucomunidad.com\/index.php\/wp-json\/wp\/v2\/media?parent=3747"}],"curies":[{"name":"wp","href":"https:\/\/api.w.org\/{rel}","templated":true}]}}